{"id":2440,"date":"2023-08-01T22:30:35","date_gmt":"2023-08-02T02:30:35","guid":{"rendered":"https:\/\/cms.organictransition.org\/recursos\/"},"modified":"2026-03-24T22:26:55","modified_gmt":"2026-03-25T02:26:55","slug":"recursos","status":"publish","type":"page","link":"https:\/\/cms.organictransition.org\/es\/recursos\/","title":{"rendered":"Recursos"},"content":{"rendered":"","protected":false},"excerpt":{"rendered":"","protected":false},"author":1,"featured_media":0,"parent":0,"menu_order":0,"comment_status":"closed","ping_status":"closed","template":"","meta":{"_acf_changed":false,"inline_featured_image":false,"footnotes":""},"class_list":["post-2440","page","type-page","status-publish","hentry","entry"],"acf":[],"yoast_head":"<!-- This site is optimized with the Yoast SEO Premium plugin v27.1 (Yoast SEO v27.2) - https:\/\/yoast.com\/product\/yoast-seo-premium-wordpress\/ -->\n<title>Recursos - Transition to Organic Partnership Program<\/title>\n<meta name=\"description\" content=\"Descubre recursos esenciales sobre pr\u00e1cticas de producci\u00f3n ecol\u00f3gica, certificaci\u00f3n, planificaci\u00f3n de la conservaci\u00f3n y estrategias de comercializaci\u00f3n para impulsar el crecimiento de tu negocio.\" \/>\n<meta name=\"robots\" content=\"noindex, follow, max-snippet:-1, max-image-preview:large, max-video-preview:-1\" \/>\n<meta property=\"og:locale\" content=\"es_ES\" \/>\n<meta property=\"og:type\" content=\"article\" \/>\n<meta property=\"og:title\" content=\"Recursos\" \/>\n<meta property=\"og:description\" content=\"Descubre recursos esenciales sobre pr\u00e1cticas de producci\u00f3n ecol\u00f3gica, certificaci\u00f3n, planificaci\u00f3n de la conservaci\u00f3n y estrategias de comercializaci\u00f3n para impulsar el crecimiento de tu negocio.\" \/>\n<meta property=\"og:url\" content=\"https:\/\/cms.organictransition.org\/es\/recursos\/\" \/>\n<meta property=\"og:site_name\" content=\"Transition to Organic Partnership Program\" \/>\n<meta property=\"article:modified_time\" content=\"2026-03-25T02:26:55+00:00\" \/>\n<meta property=\"og:image\" content=\"https:\/\/cms.organictransition.org\/wp-content\/uploads\/2023\/08\/DSC_0375-1024x576.jpg\" \/>\n<meta name=\"twitter:card\" content=\"summary_large_image\" \/>\n<meta name=\"twitter:image\" content=\"https:\/\/cms.organictransition.org\/wp-content\/uploads\/2023\/08\/DSC_0375-1024x576.jpg\" \/>\n<script type=\"application\/ld+json\" class=\"yoast-schema-graph\">{\"@context\":\"https:\/\/schema.org\",\"@graph\":[{\"@type\":\"WebPage\",\"@id\":\"https:\/\/cms.organictransition.org\/es\/recursos\/\",\"url\":\"https:\/\/cms.organictransition.org\/es\/recursos\/\",\"name\":\"Recursos - Transition to Organic Partnership Program\",\"isPartOf\":{\"@id\":\"https:\/\/cms.organictransition.org\/es\/#website\"},\"datePublished\":\"2023-08-02T02:30:35+00:00\",\"dateModified\":\"2026-03-25T02:26:55+00:00\",\"description\":\"Descubre recursos esenciales sobre pr\u00e1cticas de producci\u00f3n ecol\u00f3gica, certificaci\u00f3n, planificaci\u00f3n de la conservaci\u00f3n y estrategias de comercializaci\u00f3n para impulsar el crecimiento de tu negocio.\",\"breadcrumb\":{\"@id\":\"https:\/\/cms.organictransition.org\/es\/recursos\/#breadcrumb\"},\"inLanguage\":\"es\",\"potentialAction\":[{\"@type\":\"ReadAction\",\"target\":[\"https:\/\/cms.organictransition.org\/es\/recursos\/\"]}]},{\"@type\":\"BreadcrumbList\",\"@id\":\"https:\/\/cms.organictransition.org\/es\/recursos\/#breadcrumb\",\"itemListElement\":[{\"@type\":\"ListItem\",\"position\":1,\"name\":\"Home\",\"item\":\"https:\/\/cms.organictransition.org\/es\/\"},{\"@type\":\"ListItem\",\"position\":2,\"name\":\"Recursos\"}]},{\"@type\":\"WebSite\",\"@id\":\"https:\/\/cms.organictransition.org\/es\/#website\",\"url\":\"https:\/\/cms.organictransition.org\/es\/\",\"name\":\"Transition to Organic Partnership Program\",\"description\":\"TOPP is a network assembled by the USDA\u2019s National Organic Program to support transitioning and organic producers with mentorship and resources.\",\"publisher\":{\"@id\":\"https:\/\/cms.organictransition.org\/es\/#organization\"},\"potentialAction\":[{\"@type\":\"SearchAction\",\"target\":{\"@type\":\"EntryPoint\",\"urlTemplate\":\"https:\/\/cms.organictransition.org\/es\/?s={search_term_string}\"},\"query-input\":{\"@type\":\"PropertyValueSpecification\",\"valueRequired\":true,\"valueName\":\"search_term_string\"}}],\"inLanguage\":\"es\"},{\"@type\":[\"Organization\",\"Place\"],\"@id\":\"https:\/\/cms.organictransition.org\/es\/#organization\",\"name\":\"Transition to Organic Partnership Program\",\"url\":\"https:\/\/cms.organictransition.org\/es\/\",\"logo\":{\"@id\":\"https:\/\/cms.organictransition.org\/es\/recursos\/#local-main-organization-logo\"},\"image\":{\"@id\":\"https:\/\/cms.organictransition.org\/es\/recursos\/#local-main-organization-logo\"},\"telephone\":[],\"openingHoursSpecification\":[{\"@type\":\"OpeningHoursSpecification\",\"dayOfWeek\":[\"Monday\",\"Tuesday\",\"Wednesday\",\"Thursday\",\"Friday\",\"Saturday\",\"Sunday\"],\"opens\":\"09:00\",\"closes\":\"17:00\"}]},{\"@type\":\"ImageObject\",\"inLanguage\":\"es\",\"@id\":\"https:\/\/cms.organictransition.org\/es\/recursos\/#local-main-organization-logo\",\"url\":\"https:\/\/cms.organictransition.org\/wp-content\/uploads\/2023\/07\/TOPP-WestSouthwest-Logo_GreenWhite.svg\",\"contentUrl\":\"https:\/\/cms.organictransition.org\/wp-content\/uploads\/2023\/07\/TOPP-WestSouthwest-Logo_GreenWhite.svg\",\"width\":693,\"height\":134,\"caption\":\"Transition to Organic Partnership Program\"}]}<\/script>\n<!-- \/ Yoast SEO Premium plugin. -->","yoast_head_json":{"title":"Recursos - Transition to Organic Partnership Program","description":"Descubre recursos esenciales sobre pr\u00e1cticas de producci\u00f3n ecol\u00f3gica, certificaci\u00f3n, planificaci\u00f3n de la conservaci\u00f3n y estrategias de comercializaci\u00f3n para impulsar el crecimiento de tu negocio.","robots":{"index":"noindex","follow":"follow","max-snippet":"max-snippet:-1","max-image-preview":"max-image-preview:large","max-video-preview":"max-video-preview:-1"},"og_locale":"es_ES","og_type":"article","og_title":"Recursos","og_description":"Descubre recursos esenciales sobre pr\u00e1cticas de producci\u00f3n ecol\u00f3gica, certificaci\u00f3n, planificaci\u00f3n de la conservaci\u00f3n y estrategias de comercializaci\u00f3n para impulsar el crecimiento de tu negocio.","og_url":"https:\/\/cms.organictransition.org\/es\/recursos\/","og_site_name":"Transition to Organic Partnership Program","article_modified_time":"2026-03-25T02:26:55+00:00","og_image":[{"url":"https:\/\/cms.organictransition.org\/wp-content\/uploads\/2023\/08\/DSC_0375-1024x576.jpg","type":"","width":"","height":""}],"twitter_card":"summary_large_image","twitter_image":"https:\/\/cms.organictransition.org\/wp-content\/uploads\/2023\/08\/DSC_0375-1024x576.jpg","schema":{"@context":"https:\/\/schema.org","@graph":[{"@type":"WebPage","@id":"https:\/\/cms.organictransition.org\/es\/recursos\/","url":"https:\/\/cms.organictransition.org\/es\/recursos\/","name":"Recursos - Transition to Organic Partnership Program","isPartOf":{"@id":"https:\/\/cms.organictransition.org\/es\/#website"},"datePublished":"2023-08-02T02:30:35+00:00","dateModified":"2026-03-25T02:26:55+00:00","description":"Descubre recursos esenciales sobre pr\u00e1cticas de producci\u00f3n ecol\u00f3gica, certificaci\u00f3n, planificaci\u00f3n de la conservaci\u00f3n y estrategias de comercializaci\u00f3n para impulsar el crecimiento de tu negocio.","breadcrumb":{"@id":"https:\/\/cms.organictransition.org\/es\/recursos\/#breadcrumb"},"inLanguage":"es","potentialAction":[{"@type":"ReadAction","target":["https:\/\/cms.organictransition.org\/es\/recursos\/"]}]},{"@type":"BreadcrumbList","@id":"https:\/\/cms.organictransition.org\/es\/recursos\/#breadcrumb","itemListElement":[{"@type":"ListItem","position":1,"name":"Home","item":"https:\/\/cms.organictransition.org\/es\/"},{"@type":"ListItem","position":2,"name":"Recursos"}]},{"@type":"WebSite","@id":"https:\/\/cms.organictransition.org\/es\/#website","url":"https:\/\/cms.organictransition.org\/es\/","name":"Transition to Organic Partnership Program","description":"TOPP is a network assembled by the USDA\u2019s National Organic Program to support transitioning and organic producers with mentorship and resources.","publisher":{"@id":"https:\/\/cms.organictransition.org\/es\/#organization"},"potentialAction":[{"@type":"SearchAction","target":{"@type":"EntryPoint","urlTemplate":"https:\/\/cms.organictransition.org\/es\/?s={search_term_string}"},"query-input":{"@type":"PropertyValueSpecification","valueRequired":true,"valueName":"search_term_string"}}],"inLanguage":"es"},{"@type":["Organization","Place"],"@id":"https:\/\/cms.organictransition.org\/es\/#organization","name":"Transition to Organic Partnership Program","url":"https:\/\/cms.organictransition.org\/es\/","logo":{"@id":"https:\/\/cms.organictransition.org\/es\/recursos\/#local-main-organization-logo"},"image":{"@id":"https:\/\/cms.organictransition.org\/es\/recursos\/#local-main-organization-logo"},"telephone":[],"openingHoursSpecification":[{"@type":"OpeningHoursSpecification","dayOfWeek":["Monday","Tuesday","Wednesday","Thursday","Friday","Saturday","Sunday"],"opens":"09:00","closes":"17:00"}]},{"@type":"ImageObject","inLanguage":"es","@id":"https:\/\/cms.organictransition.org\/es\/recursos\/#local-main-organization-logo","url":"https:\/\/cms.organictransition.org\/wp-content\/uploads\/2023\/07\/TOPP-WestSouthwest-Logo_GreenWhite.svg","contentUrl":"https:\/\/cms.organictransition.org\/wp-content\/uploads\/2023\/07\/TOPP-WestSouthwest-Logo_GreenWhite.svg","width":693,"height":134,"caption":"Transition to Organic Partnership Program"}]}},"_links":{"self":[{"href":"https:\/\/cms.organictransition.org\/es\/wp-json\/wp\/v2\/pages\/2440","targetHints":{"allow":["GET"]}}],"collection":[{"href":"https:\/\/cms.organictransition.org\/es\/wp-json\/wp\/v2\/pages"}],"about":[{"href":"https:\/\/cms.organictransition.org\/es\/wp-json\/wp\/v2\/types\/page"}],"author":[{"embeddable":true,"href":"https:\/\/cms.organictransition.org\/es\/wp-json\/wp\/v2\/users\/1"}],"replies":[{"embeddable":true,"href":"https:\/\/cms.organictransition.org\/es\/wp-json\/wp\/v2\/comments?post=2440"}],"version-history":[{"count":1,"href":"https:\/\/cms.organictransition.org\/es\/wp-json\/wp\/v2\/pages\/2440\/revisions"}],"predecessor-version":[{"id":4574,"href":"https:\/\/cms.organictransition.org\/es\/wp-json\/wp\/v2\/pages\/2440\/revisions\/4574"}],"wp:attachment":[{"href":"https:\/\/cms.organictransition.org\/es\/wp-json\/wp\/v2\/media?parent=2440"}],"curies":[{"name":"wp","href":"https:\/\/api.w.org\/{rel}","templated":true}]}}